{"id":596,"date":"2023-04-20T18:40:18","date_gmt":"2023-04-20T16:40:18","guid":{"rendered":"https:\/\/localhost\/angermundersee\/?page_id=596"},"modified":"2025-03-20T06:45:47","modified_gmt":"2025-03-20T05:45:47","slug":"muellsammelaktion-der-bi-am-22-04-2023","status":"publish","type":"page","link":"http:\/\/angermundersee.bplaced.net\/?page_id=596","title":{"rendered":"M\u00fcllsammelaktion der B\u00fcrgerinitiative"},"content":{"rendered":"\r\n<p>Am 22.04.2023 veranstaltete die B\u00fcrgerinitiative &#8222;Angermunder See &#8211; besser f\u00fcr alle!&#8220; eine ehrenamtliche M\u00fcllsammelaktion am und um den Angermunder See. Dazu wurden die Seeufer und die anliegenden Bereiche auf das Vorliegen von M\u00fcll kontrolliert. Wegen fr\u00fcherer M\u00fcllsammelaktionen und der st\u00e4ndigen Achtsamkeit der Seenutzer am Ost- und S\u00fcdufer wurde dort aber kaum Unrat ermittelt. Die S\u00e4uberungsaktion wurde daher auch auf die Stra\u00dfen\/Wege &#8222;Heiderweg&#8220; zwischen Heiderpatt und L\u00fcnen&#8217;sche Gasse, auf die &#8222;L\u00fcnen&#8217;sche Gasse&#8220;, den &#8222;\u00dcberanger&#8220; und &#8222;Zur Lindung&#8220; zwischen &#8222;M\u00fchlendamm&#8220; und &#8222;An der Anger&#8220; ausgedehnt. Dort wartete wesentlich mehr Unrat darauf, von den Mitgliedern der B\u00fcrgerinitiative entfernt zu werden, als an den Ufern des Angermunder Sees.<\/p>\r\n<p>Durch die Mitteilung einer Angermunderin, dass am Nordstrand des Sees sehr viel M\u00fcll herumliegt, wurde die B\u00fcrgerinitiative am 11.02.2024 wieder aktiv und hat M\u00fcll am Strand und in den Geh\u00f6lzen beseitigt und in Einkaufst\u00fcten gesammelt. Vor diesem Hintergrund empfehlen wir der Stadt D\u00fcsseldorf, auch \u00fcber die Wintermonate mindestens eine M\u00fclltonne am Ostufer und eine am Westufer zu belassen und diese alle zwei oder drei Monate zu leeren.<\/p>\r\n<p>\r\n\r\n<\/p>\r\n<h3><strong>Ihre B\u00fcrgerinitiative &#8222;Angermunder See &#8211; besser f\u00fcr alle!&#8220;<\/strong><\/h3>\r\n<p><\/p>\r\n<p><!-- \/wp:post-content -->\r\n\r\n<!-- wp:column {\"width\":\"5%\"} --><\/p>\r\n<h2><a href=\"http:\/\/angermundersee.bplaced.net\/?attachment_id=780\"><img loading=\"lazy\" decoding=\"async\" class=\"alignnone wp-image-780\" src=\"http:\/\/angermundersee.bplaced.net\/wp-content\/uploads\/2023\/06\/ASee_Icon.jpg\" alt=\"\" width=\"74\" height=\"65\" \/><\/a><\/h2>\r\n<p><img loading=\"lazy\" decoding=\"async\" class=\"alignnone  wp-image-618\" src=\"http:\/\/angermundersee.bplaced.net\/wp-content\/uploads\/2023\/04\/IMGWA0022.jpg\" alt=\"\" width=\"1067\" height=\"711\" \/><\/p>\r\n<p><img loading=\"lazy\" decoding=\"async\" class=\"alignnone  wp-image-620\" src=\"http:\/\/angermundersee.bplaced.net\/wp-content\/uploads\/2023\/04\/IMGWA0025.jpg\" alt=\"\" width=\"1066\" height=\"710\" \/><\/p>\r\n<p><img loading=\"lazy\" decoding=\"async\" class=\"alignnone  wp-image-620\" src=\"http:\/\/angermundersee.bplaced.net\/wp-content\/uploads\/2023\/05\/ASP.jpg\" alt=\"\" width=\"1066\" height=\"710\" \/><\/p>\r\n<p><!-- \/wp:column -->\r\n\r\n<!-- wp:image {\"id\":622,\"sizeSlug\":\"large\",\"linkDestination\":\"none\",\"className\":\"is-style-zoooom\"} --><\/p>\r\n<p><!-- \/wp:image --><!-- \/wp:column -->\r\n\r\n<!-- wp:heading --><\/p>\r\n<h2>CHILLEN OHNE ZU M\u00dcLLEN<\/h2>\r\n<p><!-- \/wp:heading -->\r\n\r\n<!-- wp:image {\"id\":678,\"sizeSlug\":\"large\",\"linkDestination\":\"none\",\"className\":\"is-style-zoooom\"} --><\/p>\r\n<figure>\r\n<figcaption>copyright ASP<\/figcaption>\r\n<\/figure>\r\n<p><!-- \/wp:image -->\r\n\r\n<!-- wp:paragraph --><\/p>\r\n<p>Empfehlenswerte Aktion der Abfallentsorgungs- und Stadtreinigungsbetriebe Paderborn (ASP), die hoffentlich auch die Besucher des Angermunder Sees beherzigen.<\/p>\r\n<p><!-- \/wp:paragraph -->\r\n\r\n<!-- wp:paragraph --><\/p>\r\n<p><!-- \/wp:paragraph --><\/p><div class=\"pvc_clear\"><\/div><p id=\"pvc_stats_596\" class=\"pvc_stats all  \" data-element-id=\"596\" style=\"\"><i class=\"pvc-stats-icon medium\" aria-hidden=\"true\"><svg aria-hidden=\"true\" focusable=\"false\" data-prefix=\"far\" data-icon=\"chart-bar\" role=\"img\" xmlns=\"http:\/\/www.w3.org\/2000\/svg\" viewBox=\"0 0 512 512\" class=\"svg-inline--fa fa-chart-bar fa-w-16 fa-2x\"><path fill=\"currentColor\" d=\"M396.8 352h22.4c6.4 0 12.8-6.4 12.8-12.8V108.8c0-6.4-6.4-12.8-12.8-12.8h-22.4c-6.4 0-12.8 6.4-12.8 12.8v230.4c0 6.4 6.4 12.8 12.8 12.8zm-192 0h22.4c6.4 0 12.8-6.4 12.8-12.8V140.8c0-6.4-6.4-12.8-12.8-12.8h-22.4c-6.4 0-12.8 6.4-12.8 12.8v198.4c0 6.4 6.4 12.8 12.8 12.8zm96 0h22.4c6.4 0 12.8-6.4 12.8-12.8V204.8c0-6.4-6.4-12.8-12.8-12.8h-22.4c-6.4 0-12.8 6.4-12.8 12.8v134.4c0 6.4 6.4 12.8 12.8 12.8zM496 400H48V80c0-8.84-7.16-16-16-16H16C7.16 64 0 71.16 0 80v336c0 17.67 14.33 32 32 32h464c8.84 0 16-7.16 16-16v-16c0-8.84-7.16-16-16-16zm-387.2-48h22.4c6.4 0 12.8-6.4 12.8-12.8v-70.4c0-6.4-6.4-12.8-12.8-12.8h-22.4c-6.4 0-12.8 6.4-12.8 12.8v70.4c0 6.4 6.4 12.8 12.8 12.8z\" class=\"\"><\/path><\/svg><\/i> <img loading=\"lazy\" decoding=\"async\" width=\"16\" height=\"16\" alt=\"Loading\" src=\"http:\/\/angermundersee.bplaced.net\/wp-content\/plugins\/page-views-count\/ajax-loader-2x.gif\" border=0 \/><\/p><div class=\"pvc_clear\"><\/div>","protected":false},"excerpt":{"rendered":"<p>Am 22.04.2023 veranstaltete die B\u00fcrgerinitiative &#8222;Angermunder See &#8211; besser f\u00fcr alle!&#8220; eine ehrenamtliche M\u00fcllsammelaktion am und um den Angermunder See. Dazu wurden die Seeufer und die anliegenden Bereiche auf das Vorliegen von M\u00fcll kontrolliert. Wegen fr\u00fcherer M\u00fcllsammelaktionen und der st\u00e4ndigen Achtsamkeit der Seenutzer am Ost- und S\u00fcdufer wurde dort aber kaum Unrat ermittelt. Die S\u00e4uberungsaktion &hellip; <\/p>\n<p class=\"link-more\"><a href=\"http:\/\/angermundersee.bplaced.net\/?page_id=596\" class=\"more-link\">Mehr <span class=\"screen-reader-text\">\u00fcber &#8222;M\u00fcllsammelaktion der B\u00fcrgerinitiative&#8220; <\/span>Lesen<\/a><\/p>\n<div class=\"pvc_clear\"><\/div>\n<p id=\"pvc_stats_596\" class=\"pvc_stats all  \" data-element-id=\"596\" style=\"\"><i class=\"pvc-stats-icon medium\" aria-hidden=\"true\"><svg aria-hidden=\"true\" focusable=\"false\" data-prefix=\"far\" data-icon=\"chart-bar\" role=\"img\" xmlns=\"http:\/\/www.w3.org\/2000\/svg\" viewBox=\"0 0 512 512\" class=\"svg-inline--fa fa-chart-bar fa-w-16 fa-2x\"><path fill=\"currentColor\" d=\"M396.8 352h22.4c6.4 0 12.8-6.4 12.8-12.8V108.8c0-6.4-6.4-12.8-12.8-12.8h-22.4c-6.4 0-12.8 6.4-12.8 12.8v230.4c0 6.4 6.4 12.8 12.8 12.8zm-192 0h22.4c6.4 0 12.8-6.4 12.8-12.8V140.8c0-6.4-6.4-12.8-12.8-12.8h-22.4c-6.4 0-12.8 6.4-12.8 12.8v198.4c0 6.4 6.4 12.8 12.8 12.8zm96 0h22.4c6.4 0 12.8-6.4 12.8-12.8V204.8c0-6.4-6.4-12.8-12.8-12.8h-22.4c-6.4 0-12.8 6.4-12.8 12.8v134.4c0 6.4 6.4 12.8 12.8 12.8zM496 400H48V80c0-8.84-7.16-16-16-16H16C7.16 64 0 71.16 0 80v336c0 17.67 14.33 32 32 32h464c8.84 0 16-7.16 16-16v-16c0-8.84-7.16-16-16-16zm-387.2-48h22.4c6.4 0 12.8-6.4 12.8-12.8v-70.4c0-6.4-6.4-12.8-12.8-12.8h-22.4c-6.4 0-12.8 6.4-12.8 12.8v70.4c0 6.4 6.4 12.8 12.8 12.8z\" class=\"\"><\/path><\/svg><\/i> <img loading=\"lazy\" decoding=\"async\" width=\"16\" height=\"16\" alt=\"Loading\" src=\"http:\/\/angermundersee.bplaced.net\/wp-content\/plugins\/page-views-count\/ajax-loader-2x.gif\" border=0 \/><\/p>\n<div class=\"pvc_clear\"><\/div>\n","protected":false},"author":1,"featured_media":0,"parent":0,"menu_order":0,"comment_status":"closed","ping_status":"closed","template":"","meta":{"iawp_total_views":6,"inspiro_hide_title":false,"footnotes":""},"class_list":["post-596","page","type-page","status-publish","hentry"],"a3_pvc":{"activated":true,"total_views":908,"today_views":0},"_links":{"self":[{"href":"http:\/\/angermundersee.bplaced.net\/index.php?rest_route=\/wp\/v2\/pages\/596","targetHints":{"allow":["GET"]}}],"collection":[{"href":"http:\/\/angermundersee.bplaced.net\/index.php?rest_route=\/wp\/v2\/pages"}],"about":[{"href":"http:\/\/angermundersee.bplaced.net\/index.php?rest_route=\/wp\/v2\/types\/page"}],"author":[{"embeddable":true,"href":"http:\/\/angermundersee.bplaced.net\/index.php?rest_route=\/wp\/v2\/users\/1"}],"replies":[{"embeddable":true,"href":"http:\/\/angermundersee.bplaced.net\/index.php?rest_route=%2Fwp%2Fv2%2Fcomments&post=596"}],"version-history":[{"count":2,"href":"http:\/\/angermundersee.bplaced.net\/index.php?rest_route=\/wp\/v2\/pages\/596\/revisions"}],"predecessor-version":[{"id":2166,"href":"http:\/\/angermundersee.bplaced.net\/index.php?rest_route=\/wp\/v2\/pages\/596\/revisions\/2166"}],"wp:attachment":[{"href":"http:\/\/angermundersee.bplaced.net\/index.php?rest_route=%2Fwp%2Fv2%2Fmedia&parent=596"}],"curies":[{"name":"wp","href":"https:\/\/api.w.org\/{rel}","templated":true}]}}