{"id":401,"date":"2023-02-14T05:51:37","date_gmt":"2023-02-14T04:51:37","guid":{"rendered":"https:\/\/localhost\/angermundersee\/?page_id=401"},"modified":"2026-02-24T22:55:13","modified_gmt":"2026-02-24T21:55:13","slug":"aktuelles","status":"publish","type":"page","link":"http:\/\/angermundersee.bplaced.net\/?page_id=401","title":{"rendered":"News"},"content":{"rendered":"<h4>Am Donnerstag, den 22.02.2024 wurden die Ergebnisse der Umfrage sowie die Planungen des Landschaftsarchitekturb\u00fcro Danielzik Leuchter + Partner f\u00fcr die verschiedenen Stadteile des Stadtbezirkes 5 unter anderem zum Angermunder See in der Aula der Grundschule Kaiserswerth vorgestellt und diskutiert.<\/h4>\r\n<h4>Am 31.08.2023 fand eine Sitzung des Anregungs- und Beschwerdeausschusses der Stadt D\u00fcsseldorf statt. Die B\u00fcrgerinitiative&#8220;Angermunder See &#8211; besser f\u00fcr alle!&#8220; hat teilgenommen und ihr Anliegen er\u00f6rtert.<\/h4>\r\n<h4>Am 27.06.2023 nahmen mehrere Unterst\u00fctzer der B\u00fcrgerinitiative &#8222;Angermunder See &#8211; besser f\u00fcr alle!&#8220; an einer Sprechstunde des Ordnungsamtes in Angermund teil, nutzten die Gelegenheit des gemeinsamen Austausches und sicherten auch weiterhin ihre Unterst\u00fczung zu.<\/h4>\r\n<h4>Am 26.05.2023 wurden die Ergebnisse der Online-Petition mit 3.057 Unterst\u00fctzern der Stadt D\u00fcsseldorf \u00fcbergeben.<\/h4>\r\n<h4>Am 22.04.2023 f\u00fchrte die B\u00fcrgerinitiative eine ehrenamtliche M\u00fcllsammelaktion durch. Materialien wie M\u00fcllzangen und M\u00fcllt\u00fcten wurden dankenswerterweise durch das Umweltamt zur Verf\u00fcgung gestellt.<\/h4>\r\n<h4>Informationen zur n\u00e4chsten Sitzung der Bezirksvertretung 5 (<a href=\"https:\/\/www.duesseldorf.de\/rat\/buergerinfo\" target=\"_blank\" rel=\"noopener\">B\u00fcrgerinformationssystem der Stadt D\u00fcsseldorf<\/a>).<\/h4>\r\n<h4>Ihre B\u00fcrgerinitiative &#8222;Angermunder See &#8211; besser f\u00fcr alle!&#8220;<\/h4>\r\n<h3><a href=\"http:\/\/angermundersee.bplaced.net\/?attachment_id=780\"><img loading=\"lazy\" decoding=\"async\" class=\"alignnone wp-image-780\" src=\"http:\/\/angermundersee.bplaced.net\/wp-content\/uploads\/2023\/06\/ASee_Icon.jpg\" alt=\"\" width=\"74\" height=\"65\" \/><\/a><\/h3>\r\n<h3><\/h3>\r\n<h3 class=\"has-black-color has-text-color has-medium-font-size\">\r\n\r\n<\/h3>\r\n<h3 class=\"has-black-color has-text-color has-medium-font-size\">\r\n\r\n<\/h3>\r\n<h4 class=\"has-black-color has-text-color has-medium-font-size\">\r\n\r\n<\/h4>\r\n<h3 class=\"has-black-color has-text-color has-medium-font-size\">\r\n\r\n<\/h3>\r\n<h3 class=\"has-black-color has-text-color has-medium-font-size\">\r\n\r\n<\/h3>\r\n<h3 class=\"has-black-color has-text-color has-medium-font-size\">\r\n\r\n<\/h3>\r\n<h3 class=\"has-black-color has-text-color has-medium-font-size\">\r\n\r\n<\/h3>\r\n<h3 class=\"has-black-color has-text-color has-medium-font-size\">\r\n\r\n\r\n\r\n\r\n\r\n\r\n\r\n<\/h3>\r\n<p><\/p>\r\n<p><!-- \/wp:post-content -->\r\n\r\n<!-- wp:column {\"width\":\"5%\"} --><\/p>\r\n<p class=\"has-medium-font-size\"><!-- \/wp:column --><\/p><div class=\"pvc_clear\"><\/div><p id=\"pvc_stats_401\" class=\"pvc_stats all  \" data-element-id=\"401\" style=\"\"><i class=\"pvc-stats-icon medium\" aria-hidden=\"true\"><svg aria-hidden=\"true\" focusable=\"false\" data-prefix=\"far\" data-icon=\"chart-bar\" role=\"img\" xmlns=\"http:\/\/www.w3.org\/2000\/svg\" viewBox=\"0 0 512 512\" class=\"svg-inline--fa fa-chart-bar fa-w-16 fa-2x\"><path fill=\"currentColor\" d=\"M396.8 352h22.4c6.4 0 12.8-6.4 12.8-12.8V108.8c0-6.4-6.4-12.8-12.8-12.8h-22.4c-6.4 0-12.8 6.4-12.8 12.8v230.4c0 6.4 6.4 12.8 12.8 12.8zm-192 0h22.4c6.4 0 12.8-6.4 12.8-12.8V140.8c0-6.4-6.4-12.8-12.8-12.8h-22.4c-6.4 0-12.8 6.4-12.8 12.8v198.4c0 6.4 6.4 12.8 12.8 12.8zm96 0h22.4c6.4 0 12.8-6.4 12.8-12.8V204.8c0-6.4-6.4-12.8-12.8-12.8h-22.4c-6.4 0-12.8 6.4-12.8 12.8v134.4c0 6.4 6.4 12.8 12.8 12.8zM496 400H48V80c0-8.84-7.16-16-16-16H16C7.16 64 0 71.16 0 80v336c0 17.67 14.33 32 32 32h464c8.84 0 16-7.16 16-16v-16c0-8.84-7.16-16-16-16zm-387.2-48h22.4c6.4 0 12.8-6.4 12.8-12.8v-70.4c0-6.4-6.4-12.8-12.8-12.8h-22.4c-6.4 0-12.8 6.4-12.8 12.8v70.4c0 6.4 6.4 12.8 12.8 12.8z\" class=\"\"><\/path><\/svg><\/i> <img loading=\"lazy\" decoding=\"async\" width=\"16\" height=\"16\" alt=\"Loading\" src=\"http:\/\/angermundersee.bplaced.net\/wp-content\/plugins\/page-views-count\/ajax-loader-2x.gif\" border=0 \/><\/p><div class=\"pvc_clear\"><\/div>","protected":false},"excerpt":{"rendered":"<p>Am Donnerstag, den 22.02.2024 wurden die Ergebnisse der Umfrage sowie die Planungen des Landschaftsarchitekturb\u00fcro Danielzik Leuchter + Partner f\u00fcr die verschiedenen Stadteile des Stadtbezirkes 5 unter anderem zum Angermunder See in der Aula der Grundschule Kaiserswerth vorgestellt und diskutiert. Am 31.08.2023 fand eine Sitzung des Anregungs- und Beschwerdeausschusses der Stadt D\u00fcsseldorf statt. Die B\u00fcrgerinitiative&#8220;Angermunder See &hellip; <\/p>\n<p class=\"link-more\"><a href=\"http:\/\/angermundersee.bplaced.net\/?page_id=401\" class=\"more-link\">Mehr <span class=\"screen-reader-text\">\u00fcber &#8222;News&#8220; <\/span>Lesen<\/a><\/p>\n<div class=\"pvc_clear\"><\/div>\n<p id=\"pvc_stats_401\" class=\"pvc_stats all  \" data-element-id=\"401\" style=\"\"><i class=\"pvc-stats-icon medium\" aria-hidden=\"true\"><svg aria-hidden=\"true\" focusable=\"false\" data-prefix=\"far\" data-icon=\"chart-bar\" role=\"img\" xmlns=\"http:\/\/www.w3.org\/2000\/svg\" viewBox=\"0 0 512 512\" class=\"svg-inline--fa fa-chart-bar fa-w-16 fa-2x\"><path fill=\"currentColor\" d=\"M396.8 352h22.4c6.4 0 12.8-6.4 12.8-12.8V108.8c0-6.4-6.4-12.8-12.8-12.8h-22.4c-6.4 0-12.8 6.4-12.8 12.8v230.4c0 6.4 6.4 12.8 12.8 12.8zm-192 0h22.4c6.4 0 12.8-6.4 12.8-12.8V140.8c0-6.4-6.4-12.8-12.8-12.8h-22.4c-6.4 0-12.8 6.4-12.8 12.8v198.4c0 6.4 6.4 12.8 12.8 12.8zm96 0h22.4c6.4 0 12.8-6.4 12.8-12.8V204.8c0-6.4-6.4-12.8-12.8-12.8h-22.4c-6.4 0-12.8 6.4-12.8 12.8v134.4c0 6.4 6.4 12.8 12.8 12.8zM496 400H48V80c0-8.84-7.16-16-16-16H16C7.16 64 0 71.16 0 80v336c0 17.67 14.33 32 32 32h464c8.84 0 16-7.16 16-16v-16c0-8.84-7.16-16-16-16zm-387.2-48h22.4c6.4 0 12.8-6.4 12.8-12.8v-70.4c0-6.4-6.4-12.8-12.8-12.8h-22.4c-6.4 0-12.8 6.4-12.8 12.8v70.4c0 6.4 6.4 12.8 12.8 12.8z\" class=\"\"><\/path><\/svg><\/i> <img loading=\"lazy\" decoding=\"async\" width=\"16\" height=\"16\" alt=\"Loading\" src=\"http:\/\/angermundersee.bplaced.net\/wp-content\/plugins\/page-views-count\/ajax-loader-2x.gif\" border=0 \/><\/p>\n<div class=\"pvc_clear\"><\/div>\n","protected":false},"author":1,"featured_media":0,"parent":0,"menu_order":0,"comment_status":"closed","ping_status":"closed","template":"","meta":{"iawp_total_views":15,"inspiro_hide_title":false,"footnotes":""},"class_list":["post-401","page","type-page","status-publish","hentry"],"a3_pvc":{"activated":true,"total_views":1456,"today_views":0},"_links":{"self":[{"href":"http:\/\/angermundersee.bplaced.net\/index.php?rest_route=\/wp\/v2\/pages\/401","targetHints":{"allow":["GET"]}}],"collection":[{"href":"http:\/\/angermundersee.bplaced.net\/index.php?rest_route=\/wp\/v2\/pages"}],"about":[{"href":"http:\/\/angermundersee.bplaced.net\/index.php?rest_route=\/wp\/v2\/types\/page"}],"author":[{"embeddable":true,"href":"http:\/\/angermundersee.bplaced.net\/index.php?rest_route=\/wp\/v2\/users\/1"}],"replies":[{"embeddable":true,"href":"http:\/\/angermundersee.bplaced.net\/index.php?rest_route=%2Fwp%2Fv2%2Fcomments&post=401"}],"version-history":[{"count":2,"href":"http:\/\/angermundersee.bplaced.net\/index.php?rest_route=\/wp\/v2\/pages\/401\/revisions"}],"predecessor-version":[{"id":2600,"href":"http:\/\/angermundersee.bplaced.net\/index.php?rest_route=\/wp\/v2\/pages\/401\/revisions\/2600"}],"wp:attachment":[{"href":"http:\/\/angermundersee.bplaced.net\/index.php?rest_route=%2Fwp%2Fv2%2Fmedia&parent=401"}],"curies":[{"name":"wp","href":"https:\/\/api.w.org\/{rel}","templated":true}]}}