{"id":157,"date":"2022-10-03T20:28:11","date_gmt":"2022-10-03T18:28:11","guid":{"rendered":"https:\/\/localhost\/angermundersee\/?page_id=157"},"modified":"2022-10-03T20:28:12","modified_gmt":"2022-10-03T18:28:12","slug":"leserbrief-an-die-rheinische-post","status":"publish","type":"page","link":"http:\/\/angermundersee.bplaced.net\/?page_id=157","title":{"rendered":"Leserbrief an die Rheinische Post"},"content":{"rendered":"\n<p id=\"block-7a608938-e908-47ad-aa39-a1a46c1d5251\"><em>In der Ratssitzung vom 24.05.22 ging es unter anderem darum, eine Entscheidungsvorlage zur Nutzung des Angermunder Sees vom Garten-, Friedhofs- und Forstamt zu diskutieren und dar\u00fcber zu entscheiden. Gem\u00e4\u00df dieser Entscheidungsvorlage sollte das Sonnenbaden am Ost- und S\u00fcdufer in einer ersten Stufe in diesem Jahr weiterhin erlaubt sein, das Verhalten der Seenutzer beobachtet und anschlie\u00dfend evaluiert und entschieden werden, ob oder wie der See k\u00fcnftig gem\u00e4\u00df einer zweiten Stufe genutzt werden darf.<br><br>Ein Entwurf im Oktober 2021 sah das Einrichten eines Naturschutzgebiets an Ost- und S\u00fcdufer vor. Das vermutlich seit Jahrzehnten bestehende aber nie geahndete Badeverbot sollte nun aber im Wege einer Allgemeinverf\u00fcgung auch noch versch\u00e4rft werden.<br><br>W\u00e4hrend der Diskussion des Rats, ob man nicht doch das Baden im Angermunder See gestatten solle, denn das Vogelschlaggutachten aus dem Jahr 2014 steht dem offensichtlich nicht entgegen, ergriff die Leiterin der zuvor genannten Beh\u00f6rde entr\u00fcstet das Wort und wies den Rat darauf hin, dass Baden im Angermunder See wegen \u00a719 LWG (NRW) grunds\u00e4tzlich unzul\u00e4ssig sei, denn der Angermunder See sei ein k\u00fcnstliches und kein nat\u00fcrliches Gew\u00e4sser. Dadurch wurde die Diskussion der Ratsmitglieder um das Baden im Angermunder See abgew\u00fcrgt.<br><br>Die Leiterin der Beh\u00f6rde hat es aber aus Unwissenheit oder Taktik unterlassen, den Rat dar\u00fcber zu informieren, dass der f\u00fcr k\u00fcnstliche Gew\u00e4sser einschl\u00e4gige \u00a7 20 Zif.1 LWG (NRW) es der zust\u00e4ndigen Beh\u00f6rde erm\u00f6glicht, einen Gemeingebrauch, also beispielsweise das Baden in einem k\u00fcnstlichen Gew\u00e4sser, zu gestatten. Wenn eine Beh\u00f6rdenleiterin Rechtsausk\u00fcnfte\/-informationen in einer Ratssitzung liefert, sollte der Rat auch erwarten k\u00f6nnen, dass die rechtliche Situation vollst\u00e4ndig wiedergegeben oder erl\u00e4utert wird. Das war w\u00e4hrend der Ratssitzung am 24.05.22 nicht der Fall, weil ein Hinweis auf \u00a7 20 LWG unterblieb.<br><br>Mit einer Mehrheit von CDU und Gr\u00fcnen wurde die Entscheidungsvorlage der Beh\u00f6rde angenommen und dem Baden im Angermunder See eine versch\u00e4rfte Absage erteilt. CDU, Gr\u00fcne und auch die Verwaltung haben damit ein Badeverbot ausgesprochen und sich in Widerspruch gesetzt zu vielen D\u00fcsseldorfern und insbesondere Angermundern, die im Angermunder See gern schwimmen wollen. Die Nutzung des Sees durch Surfer oder Taucher wurde hingegen nicht in Frage gestellt. <strong>Wer soll das verstehen?<\/strong><br><br>Dr. Ralph Minderop<br>B\u00fcrgerinitiative Angermunder See &#8211; besser f\u00fcr alle<\/em> !<\/p>\n<div class=\"pvc_clear\"><\/div><p id=\"pvc_stats_157\" class=\"pvc_stats all  \" data-element-id=\"157\" style=\"\"><i class=\"pvc-stats-icon medium\" aria-hidden=\"true\"><svg aria-hidden=\"true\" focusable=\"false\" data-prefix=\"far\" data-icon=\"chart-bar\" role=\"img\" xmlns=\"http:\/\/www.w3.org\/2000\/svg\" viewBox=\"0 0 512 512\" class=\"svg-inline--fa fa-chart-bar fa-w-16 fa-2x\"><path fill=\"currentColor\" d=\"M396.8 352h22.4c6.4 0 12.8-6.4 12.8-12.8V108.8c0-6.4-6.4-12.8-12.8-12.8h-22.4c-6.4 0-12.8 6.4-12.8 12.8v230.4c0 6.4 6.4 12.8 12.8 12.8zm-192 0h22.4c6.4 0 12.8-6.4 12.8-12.8V140.8c0-6.4-6.4-12.8-12.8-12.8h-22.4c-6.4 0-12.8 6.4-12.8 12.8v198.4c0 6.4 6.4 12.8 12.8 12.8zm96 0h22.4c6.4 0 12.8-6.4 12.8-12.8V204.8c0-6.4-6.4-12.8-12.8-12.8h-22.4c-6.4 0-12.8 6.4-12.8 12.8v134.4c0 6.4 6.4 12.8 12.8 12.8zM496 400H48V80c0-8.84-7.16-16-16-16H16C7.16 64 0 71.16 0 80v336c0 17.67 14.33 32 32 32h464c8.84 0 16-7.16 16-16v-16c0-8.84-7.16-16-16-16zm-387.2-48h22.4c6.4 0 12.8-6.4 12.8-12.8v-70.4c0-6.4-6.4-12.8-12.8-12.8h-22.4c-6.4 0-12.8 6.4-12.8 12.8v70.4c0 6.4 6.4 12.8 12.8 12.8z\" class=\"\"><\/path><\/svg><\/i> <img loading=\"lazy\" decoding=\"async\" width=\"16\" height=\"16\" alt=\"Loading\" src=\"http:\/\/angermundersee.bplaced.net\/wp-content\/plugins\/page-views-count\/ajax-loader-2x.gif\" border=0 \/><\/p><div class=\"pvc_clear\"><\/div>","protected":false},"excerpt":{"rendered":"<p>In der Ratssitzung vom 24.05.22 ging es unter anderem darum, eine Entscheidungsvorlage zur Nutzung des Angermunder Sees vom Garten-, Friedhofs- und Forstamt zu diskutieren und dar\u00fcber zu entscheiden. Gem\u00e4\u00df dieser Entscheidungsvorlage sollte das Sonnenbaden am Ost- und S\u00fcdufer in einer ersten Stufe in diesem Jahr weiterhin erlaubt sein, das Verhalten der Seenutzer beobachtet und anschlie\u00dfend &hellip; <\/p>\n<p class=\"link-more\"><a href=\"http:\/\/angermundersee.bplaced.net\/?page_id=157\" class=\"more-link\">Mehr <span class=\"screen-reader-text\">\u00fcber &#8222;Leserbrief an die Rheinische Post&#8220; <\/span>Lesen<\/a><\/p>\n<div class=\"pvc_clear\"><\/div>\n<p id=\"pvc_stats_157\" class=\"pvc_stats all  \" data-element-id=\"157\" style=\"\"><i class=\"pvc-stats-icon medium\" aria-hidden=\"true\"><svg aria-hidden=\"true\" focusable=\"false\" data-prefix=\"far\" data-icon=\"chart-bar\" role=\"img\" xmlns=\"http:\/\/www.w3.org\/2000\/svg\" viewBox=\"0 0 512 512\" class=\"svg-inline--fa fa-chart-bar fa-w-16 fa-2x\"><path fill=\"currentColor\" d=\"M396.8 352h22.4c6.4 0 12.8-6.4 12.8-12.8V108.8c0-6.4-6.4-12.8-12.8-12.8h-22.4c-6.4 0-12.8 6.4-12.8 12.8v230.4c0 6.4 6.4 12.8 12.8 12.8zm-192 0h22.4c6.4 0 12.8-6.4 12.8-12.8V140.8c0-6.4-6.4-12.8-12.8-12.8h-22.4c-6.4 0-12.8 6.4-12.8 12.8v198.4c0 6.4 6.4 12.8 12.8 12.8zm96 0h22.4c6.4 0 12.8-6.4 12.8-12.8V204.8c0-6.4-6.4-12.8-12.8-12.8h-22.4c-6.4 0-12.8 6.4-12.8 12.8v134.4c0 6.4 6.4 12.8 12.8 12.8zM496 400H48V80c0-8.84-7.16-16-16-16H16C7.16 64 0 71.16 0 80v336c0 17.67 14.33 32 32 32h464c8.84 0 16-7.16 16-16v-16c0-8.84-7.16-16-16-16zm-387.2-48h22.4c6.4 0 12.8-6.4 12.8-12.8v-70.4c0-6.4-6.4-12.8-12.8-12.8h-22.4c-6.4 0-12.8 6.4-12.8 12.8v70.4c0 6.4 6.4 12.8 12.8 12.8z\" class=\"\"><\/path><\/svg><\/i> <img loading=\"lazy\" decoding=\"async\" width=\"16\" height=\"16\" alt=\"Loading\" src=\"http:\/\/angermundersee.bplaced.net\/wp-content\/plugins\/page-views-count\/ajax-loader-2x.gif\" border=0 \/><\/p>\n<div class=\"pvc_clear\"><\/div>\n","protected":false},"author":1,"featured_media":0,"parent":0,"menu_order":0,"comment_status":"closed","ping_status":"closed","template":"","meta":{"iawp_total_views":2,"inspiro_hide_title":false,"footnotes":""},"class_list":["post-157","page","type-page","status-publish","hentry"],"a3_pvc":{"activated":true,"total_views":128,"today_views":0},"_links":{"self":[{"href":"http:\/\/angermundersee.bplaced.net\/index.php?rest_route=\/wp\/v2\/pages\/157","targetHints":{"allow":["GET"]}}],"collection":[{"href":"http:\/\/angermundersee.bplaced.net\/index.php?rest_route=\/wp\/v2\/pages"}],"about":[{"href":"http:\/\/angermundersee.bplaced.net\/index.php?rest_route=\/wp\/v2\/types\/page"}],"author":[{"embeddable":true,"href":"http:\/\/angermundersee.bplaced.net\/index.php?rest_route=\/wp\/v2\/users\/1"}],"replies":[{"embeddable":true,"href":"http:\/\/angermundersee.bplaced.net\/index.php?rest_route=%2Fwp%2Fv2%2Fcomments&post=157"}],"version-history":[{"count":0,"href":"http:\/\/angermundersee.bplaced.net\/index.php?rest_route=\/wp\/v2\/pages\/157\/revisions"}],"wp:attachment":[{"href":"http:\/\/angermundersee.bplaced.net\/index.php?rest_route=%2Fwp%2Fv2%2Fmedia&parent=157"}],"curies":[{"name":"wp","href":"https:\/\/api.w.org\/{rel}","templated":true}]}}