{"id":154,"date":"2022-10-03T19:19:21","date_gmt":"2022-10-03T17:19:21","guid":{"rendered":"https:\/\/localhost\/angermundersee\/?page_id=154"},"modified":"2026-02-25T06:02:32","modified_gmt":"2026-02-25T05:02:32","slug":"kommentare","status":"publish","type":"page","link":"http:\/\/angermundersee.bplaced.net\/?page_id=154","title":{"rendered":"Kommentare"},"content":{"rendered":"\r\n<p><strong>Paul<\/strong><\/p>\r\n<p>Das am 22.02.2024 vorgestellte Konzept des Duisburger Architekturb\u00fcros Danielzik Leuchter + Partner bietet meiner Meinung nach ein ausgewogenes Konzept zur weiteren Nutzung des Sees und ber\u00fccksichtigt die unterschiedlichen Interessensgruppen.<\/p>\r\n<p><strong>Sabine<\/strong><\/p>\r\n<p>Vielen Dank an die B\u00fcrgerinitiative f\u00fcr ihren Einsatz zum Erhalt des Naherholungsgebietes.<\/p>\r\n<p><strong>Michael<\/strong><\/p>\r\n\r\n\r\n\r\n<p>Ich finde die M\u00fcllsammelaktion der B\u00fcrgerinitiative total klasse.<\/p>\r\n\r\n\r\n\r\n<p><strong>Bernhard<\/strong><\/p>\r\n\r\n\r\n\r\n<p id=\"block-6dcb8a86-2b5f-4d70-830e-4e4549fe21fe\">Da wir in unmittelbarer N\u00e4he zum See wohnen und ihn trotz der bekannten Probleme lieben und nutzen und es weiterhin m\u00f6chten.<\/p>\r\n\r\n\r\n\r\n<p><strong>Ralph<\/strong><\/p>\r\n\r\n\r\n\r\n<p>Der Angermunder See ist ein wertvolles Erholungsgebiet, das den B\u00fcrgern zumindest in dem Ausma\u00df wie bisher zur Erholung dienen sollte. Den Meinungen zur Lautst\u00e4rkebel\u00e4stigung oder Verschmutzung des Gebiets durch Nutzer kann ich mich \u00fcberhaupt nicht anschlie\u00dfen. Es ist schon lange so, dass Nutzer des Ostufers peinlichst genau auf dessen Sauberkeit achten und selbst noch im Herbst dieses Jahres die letzten verbliebenen Verunreinigen entfernten. An den meisten Tagen des Sommers ist es am Seeufer auch ruhig. Wird dar\u00fcber hinaus in Betracht gezogen, dass w\u00e4hrend des Sommers an Abenden in den G\u00e4rten von Angermund auch Menschen zusammenkommen, ist es am Seeufer keinesfalls lauter als in der Umgebung. Das Ostufer ist ein Begegnungspunkt von Menschen, die sich seit vielen Jahren kennen und dort sozialisiert sind. Verantwortungsvoll gehen diese Menschen daher mit diesem sch\u00f6nen Ort um. Und sie werden auch k\u00fcnftig f\u00fcr die Reinhaltung und verantwortungsvolle Nutzung des \u00f6stlichen Seeufers sorgen.<\/p>\r\n\r\n\r\n\r\n<p><strong>Joachim<\/strong><\/p>\r\n\r\n\r\n\r\n<p>Wir sind Rentner und besuchen seit Jahrzehnten ganzj\u00e4hrig den See. Im Sommer ist er zus\u00e4tzlich ein Schwimmparadies f\u00fcr uns. Umweltschutz gerade hier ist f\u00fcr uns selbstverst\u00e4ndlich.<\/p>\r\n<p>\r\n\r\n<\/p>\r\n<p><strong>Lukas<\/strong><\/p>\r\n<p>\r\n\r\n<\/p>\r\n<p>Die Stadt sollte den Menschen dienen und lebenswert sein. Es ist ein Unding, \u00f6ffentliche Fl\u00e4chen zu privatisieren oder abzuschotten.<\/p>\r\n<p>\r\n\r\n<\/p>\r\n<p><strong>Laura<\/strong><\/p>\r\n<p>\r\n\r\n<\/p>\r\n<p>Ich bin Anwohnerin und selber sehr gerne am See. Es w\u00e4re unfassbar traurig und schade, wenn dieser nicht mehr zug\u00e4nglich w\u00e4re.<\/p>\r\n<p>\r\n\r\n<\/p>\r\n<p><strong>Teo<\/strong><\/p>\r\n<p>\r\n\r\n<\/p>\r\n<p>Ein sch\u00f6ner Platz am See seit Jahrzehnten f\u00fcr die Erholung und Entspannung. Diese Pl\u00e4tze zum Liegen und Entspannen sollen nun weichen und die B\u00fcrger in Ihrem Angebot der Freizeitgestaltung weiter eingeschr\u00e4nkt werden aufgrund angeblichen Naturschutzes? Beim Grossteil der Freizeitaktivit\u00e4ten am See wurden weder Natur noch Tiere gest\u00f6rt, aber nun sollen Liegefl\u00e4chen und Zug\u00e4nge wegen Naturschutz gesperrt werden, w\u00e4hrend der Massenmord an dem Fischbestand im See durch Angler-Zonen gefordert wird.<\/p>\r\n<p>\r\n\r\n<\/p>\r\n<p id=\"block-dbe28ab9-5b1f-439e-a933-a2c77930ba1b\"><strong>Peter<\/strong><\/p>\r\n<p>\r\n\r\n<\/p>\r\n<p id=\"block-78d9eef2-97de-4da4-9275-5b022795e9d9\">Eine Gro\u00dfstadt wie D\u00fcsseldorf muss seinen B\u00fcrgern eine kostenlose Naherholungsm\u00f6glichkeit wie den Angermunder See weiterhin frei zug\u00e4nglich zum Sonnen wie bisher erm\u00f6glichen. Es muss auch andere L\u00f6sungen geben, als den See zu sperren.<\/p>\r\n<p>\r\n\r\n<\/p>\r\n<p id=\"block-fb768b6b-3450-416c-9c06-cee984c7f192\"><strong>Sabine<\/strong><\/p>\r\n<p>\r\n\r\n<\/p>\r\n<p id=\"block-6b16909f-d785-47a1-ab6d-9d012b400927\">Der Angermunder See ist ein wertvolles Erholungsgebiet, das den B\u00fcrgern zumindest in dem Ausma\u00df wie bisher zur Erholung dienen sollte. Die immer weiter fortschreitende Reglementierung und Schlie\u00dfung von freien Erholungsgebieten f\u00fcr die B\u00fcrger, wie sie zum Beispiel auch am Himmelgeister Rheinufer in D\u00fcsseldorf und am F\u00fchlinger See in K\u00f6ln zu sehen sind, darf sich nicht weiter fortsetzen.<\/p>\r\n<p>\r\n\r\n<\/p>\r\n<p id=\"block-f9fbb700-ba6d-41a9-9a42-8fea22c5a6db\"><strong>Tanja<\/strong><\/p>\r\n<p>\r\n\r\n<\/p>\r\n<p id=\"block-f190c6f8-c5cb-40cd-8c7a-78f166894011\">Der Angermunder See ist ein Naherholungsgebiet, das im Sommer von vielen Familien genutzt wird. Nur weil sich einzelne Anwohner gest\u00f6rt f\u00fchlen (Parkpl\u00e4tze) bedarf es keiner Sperrung. Die Stimmungsmache gegen die Besucher des Sees ist eindeutig vorgeschoben. Gerade die Besucher des Sees halten den Ort in Ordnung. Es gibt \u00fcberall Menschen, die aus der Reihe tanzen. Dann m\u00fcssten Sie auch die ganze Innenstadt von D\u00fcsseldorf sperren.<\/p>\r\n<p>\r\n\r\n<\/p>\r\n<p id=\"block-93be364f-4066-4ae9-89e9-30f2c063e18b\"><strong>Tim<\/strong><\/p>\r\n<p>\r\n\r\n<\/p>\r\n<p id=\"block-1ac1fff1-31d8-4812-aa22-3a04c5e88386\">Die Planungen zur Umgestaltung des Sees gehen meiner Meinung nach an der Realit\u00e4t vorbei und sind fehlerhaft. Auf der Ost- und S\u00fcdseite verl\u00e4uft eine planfestgestellte Hochspannungsleitung, weshalb unter der Leitung keine hochwachsenden B\u00e4ume stehen d\u00fcrfen und Schutzbereiche freigehalten werden m\u00fcssen. Zwischen Anger und See breiten sich invasive Arten wie japanischer Kn\u00f6terich und Herkulesstauden aus. Durch die Hochspannungsleitung sind die Fl\u00e4chen darunter nicht frei \u00fcberplanbar, so dass die Realisierung eines Naturschutzgebietes meiner Meinung nach nicht realisierbar erscheint.<\/p>\r\n<p>\r\n\r\n<\/p>\r\n<p id=\"block-37d34897-511f-457c-8d3c-691e265052a6\"><strong>Robert<\/strong><\/p>\r\n<p>\r\n\r\n<\/p>\r\n<p id=\"block-3876ab92-60d9-4ba9-8f03-cf2ab54ef653\">Fahre mindestens dreimal die Woche zum See. Seit \u00fcber 20 Jahren. Hier finde ich Ruhe und Freunde. Und als Rentner ist es jetzt umso wichtiger.<\/p>\r\n<p>\r\n\r\n<\/p>\r\n<p id=\"block-52aed322-434a-4160-a2e5-0bd6f4d61252\"><strong>Susanne<\/strong><\/p>\r\n<p>\r\n\r\n<\/p>\r\n<p id=\"block-e758c0ba-0add-4819-8b5f-f9eaca1b536f\">Weil wir selber in Angermund wohnen und den Angermunder See seit Jahren besuchen und zum Entspannen nutzen. Ein sehr sch\u00f6ner See, der f\u00fcr jeden zug\u00e4nglich bleiben mu\u00df.<\/p>\r\n<p>\r\n\r\n<\/p>\r\n<p><strong>Petra<\/strong><\/p>\r\n<p>\r\n\r\n<\/p>\r\n<p>Viele Jahre schon ist der Angermunder See f\u00fcr mich ein wundersch\u00f6ner Ort, um in der Natur entspannte Freizeitstunden mit Freunden zu verbringen. Es gibt in D\u00fcsseldorf keinen vergleichbaren Ort. Mein Protest gilt zudem der immer weiter fortschreitenden Reglementierung und Schlie\u00dfung von freien Erholungsgebieten f\u00fcr die B\u00fcrger, wie sie zum Beispiel auch am Himmelgeister Rheinufer in D\u00fcsseldorf und am F\u00fchlinger See in K\u00f6ln zu sehen sind. Kann es denn sein, dass in Zeiten von Corona und immer beengteren Wohnverh\u00e4ltnissen B\u00fcrger nur noch in Innenst\u00e4dten &#8222;shoppen&#8220; oder sich in organisierten Freizeitparks und \u00fcberf\u00fcllten Schwimmb\u00e4dern aufhalten d\u00fcrfen?<\/p>\r\n<p>\r\n\r\n<\/p>\r\n<p id=\"block-78e22360-a3a1-4849-8abe-7d34ed222737\"><strong>Savanna<\/strong><\/p>\r\n<p>\r\n\r\n<\/p>\r\n<p id=\"block-33e7ad57-4664-4101-a167-5f907ebd48d2\">Der See ist ein wunderbares Naherholungsgebiet und kann das ganze Jahr hindurch zum Spazierengehen und Seele baumeln lassen genutzt werden. Es kann nicht sein, da\u00df in D\u00fcsseldorf immer mehr riesige Wohnbl\u00f6cke gebaut werden und immer noch mehr und noch mehr Leute hier hin ziehen, die Naherholungsm\u00f6glichkeiten jedoch immer weiter gesperrt bzw. deren Nutzung verboten wird. Ein sehr sch\u00f6ner See, der f\u00fcr jeden zug\u00e4nglich bleiben mu\u00df.<\/p>\r\n<p>\r\n\r\n<\/p>\r\n<p id=\"block-7f7a72bd-62da-4d94-b4bd-7d2ea9b4f8da\"><strong>Birgit<\/strong><\/p>\r\n<p>\r\n\r\n<\/p>\r\n<p id=\"block-68090a87-2f9b-455a-b8e3-9ad46558a83c\">Der Angermunder See ist ein wunderbarer Ort zum Tauchen, der mir als Biologin ganz besondere, pers\u00f6nliche Einblicke in die Unterwasserwelt des S\u00fc\u00dfwassers aus erster Hand erm\u00f6glicht hat. Es w\u00e4re sehr schade, wenn ein solches Gew\u00e4sser f\u00fcr die Allgemeinheit nicht mehr zur Verf\u00fcgung st\u00fcnde. Seen f\u00fcr Angler gibt es wahrlich mehr als genug, auch in der direkten Umgebung.<\/p>\r\n<p>\r\n\r\n<\/p>\r\n<p id=\"block-648f6604-ef95-4682-a8b4-ab6abdd627d6\"><strong>Ralf<\/strong><\/p>\r\n<p>\r\n\r\n<\/p>\r\n<p id=\"block-60f36f30-96d6-471e-84b6-631af308233e\">Das Naherholungsgebiet muss auch weiterhin den B\u00fcrgern zur Verf\u00fcgung stehen. Wo sollen wir denn an den hei\u00dfen Sommertagen noch hin?<br \/>P.S.: Ich halte es im \u00dcbrigen f\u00fcr nicht gerechtfertigt, dass der sogenannte Surfclub Angermund, in dem kaum jemand surft, faktisch einen Aufnahmestopp verh\u00e4ngt hat, indem ein Surfschein als Aufnahmevoraussetzung verlangt wird.<\/p>\r\n<p>\r\n\r\n<\/p>\r\n<p id=\"block-0e1ab5e3-1279-4e1e-9ba2-cba36d5513cc\"><strong>Ulla<\/strong><\/p>\r\n<p>\r\n\r\n<\/p>\r\n<p id=\"block-3ec2dae0-f4b4-4a90-8b4d-2cb7984b12f9\">Als direkte Anwohner wollen wir auch am See spazieren gehen k\u00f6nnen und unseren Hund im Sommer baden lassen. Leider sind die meisten Seen bereits an Anglervereine verkauft oder verpachtet und eingez\u00e4unt. So darf es meiner Meinung nach nicht weitergehen.<\/p>\r\n<p>\r\n\r\n<\/p>\r\n<p id=\"block-cb93518b-be9e-4b92-9881-6c1de537049a\"><strong>Michael<\/strong><\/p>\r\n<p>\r\n\r\n<\/p>\r\n<p id=\"block-e1af958c-1b69-4a29-a2af-1c37c0a09e76\">Ich bin seit 40 Jahre als begeisterter Naturliebhaber ganzj\u00e4hrig am See daheim. Er ist mein zweites Zuhause!!!<br \/>Wie alle meine Freunde dort sorge ich daf\u00fcr das kein Unrat hinterlassen wird. Wir hegen und umsorgen die Uferzone als w\u00e4re es unser eigener Garten.<\/p>\r\n<p>\r\n\r\n<\/p>\r\n<p id=\"block-550cc1df-7674-40b9-985f-e426c15fff9d\"><strong>Ariane<\/strong><\/p>\r\n<p>\r\n\r\n<\/p>\r\n<p id=\"block-084e5fc8-f44d-4cc3-b591-e8332870a414\">F\u00fcr uns ist der Angermunder See wie ein Kurzurlaub und erm\u00f6glicht uns, den Alltagsstress besser zu bew\u00e4ltigen, ohne weit weg zu fahren.<\/p>\r\n<p>\r\n\r\n<\/p>\r\n<p id=\"block-90efdd3f-fb5b-40ff-8f8a-39bb5f1fe1cc\"><strong>Andre<\/strong><\/p>\r\n<p>\r\n\r\n<\/p>\r\n<p id=\"block-b118a7a0-a2bb-4d3f-b908-3b1d8cea6eec\">Wir finden den See mit seiner Attraktivit\u00e4t als Naherholungsgebiet f\u00fcr die \u00d6ffentlichkeit erhaltenswert. Nat\u00fcrlich unter Ber\u00fccksichtigung geltender Regeln und R\u00fccksichtnahme.<\/p>\r\n<p>\r\n\r\n<\/p>\r\n<p id=\"block-6339ec1c-3417-4a19-aa7f-b880623b6baa\"><strong>Peter<\/strong><\/p>\r\n<p>\r\n\r\n<\/p>\r\n<p>Ich m\u00f6chte den See weiterhin zur Naherholung nutzen k\u00f6nnen. 3 Seen sind bereits eingez\u00e4unt. Nur noch vereinsorganisierte Angler und Surfclubmitglieder sind dort zugelassen. So darf die Entwicklung meiner Meinung nach nicht weitergehen.<\/p>\r\n<p>&nbsp;<\/p>\r\n<h3><strong>Ihre B\u00fcrgerinitiative &#8222;Angermunder See &#8211; besser f\u00fcr alle!&#8220;<\/strong><\/h3>\r\n<p><\/p>\r\n<p><!-- \/wp:post-content -->\r\n\r\n<!-- wp:column {\"width\":\"5%\"} --><\/p>\r\n<h2><a href=\"http:\/\/angermundersee.bplaced.net\/?attachment_id=780\"><img loading=\"lazy\" decoding=\"async\" class=\"alignnone wp-image-780\" src=\"http:\/\/angermundersee.bplaced.net\/wp-content\/uploads\/2023\/06\/ASee_Icon.jpg\" alt=\"\" width=\"74\" height=\"65\" \/><\/a><\/h2>\r\n<p><!-- \/wp:column --><\/p><div class=\"pvc_clear\"><\/div><p id=\"pvc_stats_154\" class=\"pvc_stats all  \" data-element-id=\"154\" style=\"\"><i class=\"pvc-stats-icon medium\" aria-hidden=\"true\"><svg aria-hidden=\"true\" focusable=\"false\" data-prefix=\"far\" data-icon=\"chart-bar\" role=\"img\" xmlns=\"http:\/\/www.w3.org\/2000\/svg\" viewBox=\"0 0 512 512\" class=\"svg-inline--fa fa-chart-bar fa-w-16 fa-2x\"><path fill=\"currentColor\" d=\"M396.8 352h22.4c6.4 0 12.8-6.4 12.8-12.8V108.8c0-6.4-6.4-12.8-12.8-12.8h-22.4c-6.4 0-12.8 6.4-12.8 12.8v230.4c0 6.4 6.4 12.8 12.8 12.8zm-192 0h22.4c6.4 0 12.8-6.4 12.8-12.8V140.8c0-6.4-6.4-12.8-12.8-12.8h-22.4c-6.4 0-12.8 6.4-12.8 12.8v198.4c0 6.4 6.4 12.8 12.8 12.8zm96 0h22.4c6.4 0 12.8-6.4 12.8-12.8V204.8c0-6.4-6.4-12.8-12.8-12.8h-22.4c-6.4 0-12.8 6.4-12.8 12.8v134.4c0 6.4 6.4 12.8 12.8 12.8zM496 400H48V80c0-8.84-7.16-16-16-16H16C7.16 64 0 71.16 0 80v336c0 17.67 14.33 32 32 32h464c8.84 0 16-7.16 16-16v-16c0-8.84-7.16-16-16-16zm-387.2-48h22.4c6.4 0 12.8-6.4 12.8-12.8v-70.4c0-6.4-6.4-12.8-12.8-12.8h-22.4c-6.4 0-12.8 6.4-12.8 12.8v70.4c0 6.4 6.4 12.8 12.8 12.8z\" class=\"\"><\/path><\/svg><\/i> <img loading=\"lazy\" decoding=\"async\" width=\"16\" height=\"16\" alt=\"Loading\" src=\"http:\/\/angermundersee.bplaced.net\/wp-content\/plugins\/page-views-count\/ajax-loader-2x.gif\" border=0 \/><\/p><div class=\"pvc_clear\"><\/div>","protected":false},"excerpt":{"rendered":"<p>Paul Das am 22.02.2024 vorgestellte Konzept des Duisburger Architekturb\u00fcros Danielzik Leuchter + Partner bietet meiner Meinung nach ein ausgewogenes Konzept zur weiteren Nutzung des Sees und ber\u00fccksichtigt die unterschiedlichen Interessensgruppen. Sabine Vielen Dank an die B\u00fcrgerinitiative f\u00fcr ihren Einsatz zum Erhalt des Naherholungsgebietes. Michael Ich finde die M\u00fcllsammelaktion der B\u00fcrgerinitiative total klasse. Bernhard Da wir &hellip; <\/p>\n<p class=\"link-more\"><a href=\"http:\/\/angermundersee.bplaced.net\/?page_id=154\" class=\"more-link\">Mehr <span class=\"screen-reader-text\">\u00fcber &#8222;Kommentare&#8220; <\/span>Lesen<\/a><\/p>\n<div class=\"pvc_clear\"><\/div>\n<p id=\"pvc_stats_154\" class=\"pvc_stats all  \" data-element-id=\"154\" style=\"\"><i class=\"pvc-stats-icon medium\" aria-hidden=\"true\"><svg aria-hidden=\"true\" focusable=\"false\" data-prefix=\"far\" data-icon=\"chart-bar\" role=\"img\" xmlns=\"http:\/\/www.w3.org\/2000\/svg\" viewBox=\"0 0 512 512\" class=\"svg-inline--fa fa-chart-bar fa-w-16 fa-2x\"><path fill=\"currentColor\" d=\"M396.8 352h22.4c6.4 0 12.8-6.4 12.8-12.8V108.8c0-6.4-6.4-12.8-12.8-12.8h-22.4c-6.4 0-12.8 6.4-12.8 12.8v230.4c0 6.4 6.4 12.8 12.8 12.8zm-192 0h22.4c6.4 0 12.8-6.4 12.8-12.8V140.8c0-6.4-6.4-12.8-12.8-12.8h-22.4c-6.4 0-12.8 6.4-12.8 12.8v198.4c0 6.4 6.4 12.8 12.8 12.8zm96 0h22.4c6.4 0 12.8-6.4 12.8-12.8V204.8c0-6.4-6.4-12.8-12.8-12.8h-22.4c-6.4 0-12.8 6.4-12.8 12.8v134.4c0 6.4 6.4 12.8 12.8 12.8zM496 400H48V80c0-8.84-7.16-16-16-16H16C7.16 64 0 71.16 0 80v336c0 17.67 14.33 32 32 32h464c8.84 0 16-7.16 16-16v-16c0-8.84-7.16-16-16-16zm-387.2-48h22.4c6.4 0 12.8-6.4 12.8-12.8v-70.4c0-6.4-6.4-12.8-12.8-12.8h-22.4c-6.4 0-12.8 6.4-12.8 12.8v70.4c0 6.4 6.4 12.8 12.8 12.8z\" class=\"\"><\/path><\/svg><\/i> <img loading=\"lazy\" decoding=\"async\" width=\"16\" height=\"16\" alt=\"Loading\" src=\"http:\/\/angermundersee.bplaced.net\/wp-content\/plugins\/page-views-count\/ajax-loader-2x.gif\" border=0 \/><\/p>\n<div class=\"pvc_clear\"><\/div>\n","protected":false},"author":1,"featured_media":0,"parent":0,"menu_order":0,"comment_status":"closed","ping_status":"closed","template":"","meta":{"iawp_total_views":10,"inspiro_hide_title":false,"footnotes":""},"class_list":["post-154","page","type-page","status-publish","hentry"],"a3_pvc":{"activated":true,"total_views":1407,"today_views":0},"_links":{"self":[{"href":"http:\/\/angermundersee.bplaced.net\/index.php?rest_route=\/wp\/v2\/pages\/154","targetHints":{"allow":["GET"]}}],"collection":[{"href":"http:\/\/angermundersee.bplaced.net\/index.php?rest_route=\/wp\/v2\/pages"}],"about":[{"href":"http:\/\/angermundersee.bplaced.net\/index.php?rest_route=\/wp\/v2\/types\/page"}],"author":[{"embeddable":true,"href":"http:\/\/angermundersee.bplaced.net\/index.php?rest_route=\/wp\/v2\/users\/1"}],"replies":[{"embeddable":true,"href":"http:\/\/angermundersee.bplaced.net\/index.php?rest_route=%2Fwp%2Fv2%2Fcomments&post=154"}],"version-history":[{"count":2,"href":"http:\/\/angermundersee.bplaced.net\/index.php?rest_route=\/wp\/v2\/pages\/154\/revisions"}],"predecessor-version":[{"id":2609,"href":"http:\/\/angermundersee.bplaced.net\/index.php?rest_route=\/wp\/v2\/pages\/154\/revisions\/2609"}],"wp:attachment":[{"href":"http:\/\/angermundersee.bplaced.net\/index.php?rest_route=%2Fwp%2Fv2%2Fmedia&parent=154"}],"curies":[{"name":"wp","href":"https:\/\/api.w.org\/{rel}","templated":true}]}}