{"id":149,"date":"2022-10-03T17:35:12","date_gmt":"2022-10-03T15:35:12","guid":{"rendered":"https:\/\/localhost\/angermundersee\/?page_id=149"},"modified":"2025-03-20T06:46:22","modified_gmt":"2025-03-20T05:46:22","slug":"newsletter","status":"publish","type":"page","link":"http:\/\/angermundersee.bplaced.net\/?page_id=149","title":{"rendered":"Newsletter"},"content":{"rendered":"\r\n<p style=\"font-size:clamp(14.642px, 0.915rem + ((1vw - 3.2px) * 0.651), 22px);\"><strong>Sie k\u00f6nnen sich hier gerne f\u00fcr unseren Newsletter anmelden<\/strong>,<strong> um \u00fcber aktuelle Entwicklungen, Veranstaltungen und ehrenamtlichen Aktionen (z. B. M\u00fcllsammelaktionen) informiert zu werden. Vielen Dank.<\/strong><\/p>\r\n\r\n<p><div class=\"tnp tnp-subscription \">\n<form method=\"post\" action=\"http:\/\/angermundersee.bplaced.net\/wp-admin\/admin-ajax.php?action=tnp&amp;na=s\">\n<input type=\"hidden\" name=\"nlang\" value=\"\">\n<div class=\"tnp-field tnp-field-firstname\"><label for=\"tnp-1\">Vorname<\/label>\n<input class=\"tnp-name\" type=\"text\" name=\"nn\" id=\"tnp-1\" value=\"\" placeholder=\"\"><\/div>\n<div class=\"tnp-field tnp-field-surname\"><label for=\"tnp-2\">Nachname (*)<\/label>\n<input class=\"tnp-surname\" type=\"text\" name=\"ns\" id=\"tnp-2\" value=\"\" placeholder=\"\" required><\/div><div class=\"tnp-field tnp-field-email\"><label for=\"tnp-3\">E-Mail (*)<\/label>\n<input class=\"tnp-email\" type=\"email\" name=\"ne\" id=\"tnp-3\" value=\"\" placeholder=\"\" required><\/div>\n<div class=\"tnp-field tnp-field-profile\"><label for=\"tnp-4\">Bemerkungen<\/label>\n<input class=\"tnp-profile tnp-profile-1\" id=\"tnp-profile_1\" type=\"text\" size=\"\" name=\"np1\" placeholder=\"\"><\/div>\n<div class=\"tnp-field tnp-field-button\" style=\"text-align: left\"><input class=\"tnp-submit\" type=\"submit\" value=\"Eintragen\" style=\"\">\n<\/div>\n<\/form>\n<\/div>\n<\/p>\r\n<h3><strong>Ihre B\u00fcrgerinitiative &#8222;Angermunder See &#8211; besser f\u00fcr alle!&#8220;<\/strong><\/h3>\r\n<p><!-- \/wp:post-content --><\/p>\r\n<p><!-- \/wp:column -->\r\n\r\n<!-- wp:column {\"width\":\"5%\"} --><\/p>\r\n<h2><a href=\"http:\/\/angermundersee.bplaced.net\/?attachment_id=780\"><img loading=\"lazy\" decoding=\"async\" class=\"alignnone wp-image-780\" src=\"http:\/\/angermundersee.bplaced.net\/wp-content\/uploads\/2023\/06\/ASee_Icon.jpg\" alt=\"\" width=\"74\" height=\"65\" \/><\/a><\/h2><div class=\"pvc_clear\"><\/div><p id=\"pvc_stats_149\" class=\"pvc_stats all  \" data-element-id=\"149\" style=\"\"><i class=\"pvc-stats-icon medium\" aria-hidden=\"true\"><svg aria-hidden=\"true\" focusable=\"false\" data-prefix=\"far\" data-icon=\"chart-bar\" role=\"img\" xmlns=\"http:\/\/www.w3.org\/2000\/svg\" viewBox=\"0 0 512 512\" class=\"svg-inline--fa fa-chart-bar fa-w-16 fa-2x\"><path fill=\"currentColor\" d=\"M396.8 352h22.4c6.4 0 12.8-6.4 12.8-12.8V108.8c0-6.4-6.4-12.8-12.8-12.8h-22.4c-6.4 0-12.8 6.4-12.8 12.8v230.4c0 6.4 6.4 12.8 12.8 12.8zm-192 0h22.4c6.4 0 12.8-6.4 12.8-12.8V140.8c0-6.4-6.4-12.8-12.8-12.8h-22.4c-6.4 0-12.8 6.4-12.8 12.8v198.4c0 6.4 6.4 12.8 12.8 12.8zm96 0h22.4c6.4 0 12.8-6.4 12.8-12.8V204.8c0-6.4-6.4-12.8-12.8-12.8h-22.4c-6.4 0-12.8 6.4-12.8 12.8v134.4c0 6.4 6.4 12.8 12.8 12.8zM496 400H48V80c0-8.84-7.16-16-16-16H16C7.16 64 0 71.16 0 80v336c0 17.67 14.33 32 32 32h464c8.84 0 16-7.16 16-16v-16c0-8.84-7.16-16-16-16zm-387.2-48h22.4c6.4 0 12.8-6.4 12.8-12.8v-70.4c0-6.4-6.4-12.8-12.8-12.8h-22.4c-6.4 0-12.8 6.4-12.8 12.8v70.4c0 6.4 6.4 12.8 12.8 12.8z\" class=\"\"><\/path><\/svg><\/i> <img loading=\"lazy\" decoding=\"async\" width=\"16\" height=\"16\" alt=\"Loading\" src=\"http:\/\/angermundersee.bplaced.net\/wp-content\/plugins\/page-views-count\/ajax-loader-2x.gif\" border=0 \/><\/p><div class=\"pvc_clear\"><\/div>","protected":false},"excerpt":{"rendered":"<p>Sie k\u00f6nnen sich hier gerne f\u00fcr unseren Newsletter anmelden, um \u00fcber aktuelle Entwicklungen, Veranstaltungen und ehrenamtlichen Aktionen (z. B. M\u00fcllsammelaktionen) informiert zu werden. Vielen Dank. Ihre B\u00fcrgerinitiative &#8222;Angermunder See &#8211; besser f\u00fcr alle!&#8220;<\/p>\n<div class=\"pvc_clear\"><\/div>\n<p id=\"pvc_stats_149\" class=\"pvc_stats all  \" data-element-id=\"149\" style=\"\"><i class=\"pvc-stats-icon medium\" aria-hidden=\"true\"><svg aria-hidden=\"true\" focusable=\"false\" data-prefix=\"far\" data-icon=\"chart-bar\" role=\"img\" xmlns=\"http:\/\/www.w3.org\/2000\/svg\" viewBox=\"0 0 512 512\" class=\"svg-inline--fa fa-chart-bar fa-w-16 fa-2x\"><path fill=\"currentColor\" d=\"M396.8 352h22.4c6.4 0 12.8-6.4 12.8-12.8V108.8c0-6.4-6.4-12.8-12.8-12.8h-22.4c-6.4 0-12.8 6.4-12.8 12.8v230.4c0 6.4 6.4 12.8 12.8 12.8zm-192 0h22.4c6.4 0 12.8-6.4 12.8-12.8V140.8c0-6.4-6.4-12.8-12.8-12.8h-22.4c-6.4 0-12.8 6.4-12.8 12.8v198.4c0 6.4 6.4 12.8 12.8 12.8zm96 0h22.4c6.4 0 12.8-6.4 12.8-12.8V204.8c0-6.4-6.4-12.8-12.8-12.8h-22.4c-6.4 0-12.8 6.4-12.8 12.8v134.4c0 6.4 6.4 12.8 12.8 12.8zM496 400H48V80c0-8.84-7.16-16-16-16H16C7.16 64 0 71.16 0 80v336c0 17.67 14.33 32 32 32h464c8.84 0 16-7.16 16-16v-16c0-8.84-7.16-16-16-16zm-387.2-48h22.4c6.4 0 12.8-6.4 12.8-12.8v-70.4c0-6.4-6.4-12.8-12.8-12.8h-22.4c-6.4 0-12.8 6.4-12.8 12.8v70.4c0 6.4 6.4 12.8 12.8 12.8z\" class=\"\"><\/path><\/svg><\/i> <img loading=\"lazy\" decoding=\"async\" width=\"16\" height=\"16\" alt=\"Loading\" src=\"http:\/\/angermundersee.bplaced.net\/wp-content\/plugins\/page-views-count\/ajax-loader-2x.gif\" border=0 \/><\/p>\n<div class=\"pvc_clear\"><\/div>\n","protected":false},"author":1,"featured_media":0,"parent":0,"menu_order":0,"comment_status":"closed","ping_status":"closed","template":"","meta":{"iawp_total_views":7,"inspiro_hide_title":false,"footnotes":""},"class_list":["post-149","page","type-page","status-publish","hentry"],"a3_pvc":{"activated":true,"total_views":454,"today_views":0},"_links":{"self":[{"href":"http:\/\/angermundersee.bplaced.net\/index.php?rest_route=\/wp\/v2\/pages\/149","targetHints":{"allow":["GET"]}}],"collection":[{"href":"http:\/\/angermundersee.bplaced.net\/index.php?rest_route=\/wp\/v2\/pages"}],"about":[{"href":"http:\/\/angermundersee.bplaced.net\/index.php?rest_route=\/wp\/v2\/types\/page"}],"author":[{"embeddable":true,"href":"http:\/\/angermundersee.bplaced.net\/index.php?rest_route=\/wp\/v2\/users\/1"}],"replies":[{"embeddable":true,"href":"http:\/\/angermundersee.bplaced.net\/index.php?rest_route=%2Fwp%2Fv2%2Fcomments&post=149"}],"version-history":[{"count":2,"href":"http:\/\/angermundersee.bplaced.net\/index.php?rest_route=\/wp\/v2\/pages\/149\/revisions"}],"predecessor-version":[{"id":2168,"href":"http:\/\/angermundersee.bplaced.net\/index.php?rest_route=\/wp\/v2\/pages\/149\/revisions\/2168"}],"wp:attachment":[{"href":"http:\/\/angermundersee.bplaced.net\/index.php?rest_route=%2Fwp%2Fv2%2Fmedia&parent=149"}],"curies":[{"name":"wp","href":"https:\/\/api.w.org\/{rel}","templated":true}]}}